{"id":2188,"date":"2022-07-11T10:46:49","date_gmt":"2022-07-11T10:46:49","guid":{"rendered":"https:\/\/proparea.pl\/angebot-proparea\/"},"modified":"2022-07-11T10:46:51","modified_gmt":"2022-07-11T10:46:51","slug":"angebot-proparea","status":"publish","type":"page","link":"https:\/\/proparea.pl\/de\/angebot-proparea\/","title":{"rendered":"Angebot-proparea"},"content":{"rendered":"\n<p>Wir bieten qualitativ hochwertige Installations- und Veredelungsdienstleistungen f\u00fcr Fertigh\u00e4user in f\u00fcnf Preisoptionen und Veredelungsgraden an:<\/p>\n\n<div style=\"height:25px\" aria-hidden=\"true\" class=\"wp-block-spacer\"><\/div>\n\n<ol class=\"wp-block-list\" type=\"1\"><li>Hausrahmen plus Dachstuhl (\u00a31.200,00), bestehend aus:<\/li><\/ol>\n\n<ul class=\"wp-block-list\"><li>Bau eines Fachwerkhauses (Au\u00dfenwandstruktur, Innenwandstruktur, Decke, Dachstruktur).  <\/li><li>Alle Planungsunterlagen, die Sie f\u00fcr die Baugenehmigung einreichen m\u00fcssen.<\/li><li>Befestigungsteile wie N\u00e4gel, Schrauben, D\u00fcbel und Tischlerverbinder.  <\/li><\/ul>\n\n<div style=\"height:25px\" aria-hidden=\"true\" class=\"wp-block-spacer\"><\/div>\n\n<ol class=\"wp-block-list\" type=\"1\" start=\"2\"><li>Roh offen ( \u00a32,500.00 ), bestehend aus:<\/li><\/ol>\n\n<ul class=\"wp-block-list\"><li>Bau eines Fachwerkhauses (Au\u00dfenwandkonstruktion, Innenwandkonstruktion, Decke, Dachkonstruktion)<\/li><li>Bau des Fundaments (vorgefertigte Punktpfosten \/ Fundamentplatte).<\/li><li>Abdichtung des Fundaments.<\/li><li>Au\u00dfenwandverkleidung mit Steico SpecialDry 60mm Holzfaserplatte<\/li><li>Dachschalung mit Steico SpecialDry 80mm Holzfaserplatte<\/li><li>Eindeckung der Dachau\u00dfenseite mit Steico UDB Membran, Konterlattung C24 .<\/li><li>Verkleidung der Au\u00dfenw\u00e4nde mit der Steico UDB-Membran (bei einer hinterl\u00fcfteten Fassade plus Konterlattung aus C24, bei Putz ist dies nicht erforderlich).<\/li><\/ul>\n\n<p>Bei einem Holzfu\u00dfboden wird ein Aufpreis von 200,00 PLN pro Quadratmeter f\u00fcr die Isolierung und den Schutz des Fu\u00dfbodens vor Feuchtigkeit erhoben.  <\/p>\n\n<div style=\"height:25px\" aria-hidden=\"true\" class=\"wp-block-spacer\"><\/div>\n\n<ol class=\"wp-block-list\" type=\"1\" start=\"3\"><li>Roh geschlossen ( PLN 3.500,00 ) , bestehend aus:<\/li><\/ol>\n\n<ul class=\"wp-block-list\"><li>In dieser Version erhalten Sie den offenen Rohzustand.<\/li><li>Stehfalzdacheindeckung \/ Dachbleche \/ Dachziegel, einschlie\u00dflich Dachrinnen und Abschluss der Dacheinfassung (Laibung).<\/li><li>Verputz der Fassade (im Falle einer hinterl\u00fcfteten Fassade wird ein Aufpreis von 200,00 PLN\/m2 berechnet. &#8211; Sibirische L\u00e4rche \/ Falz Blechverkleidung Fassade Bord . Aufpreis von 550,00 PLN\/m2 &#8211; Fassade mit Kebony-Platten verkleidet, deren Vertreiber wir sind &#8220; <a href=\"http:\/\/kebonypolska.pl\">kebonypolska.pl<\/a> &#8222;.<\/li><li>Fenster- und T\u00fcrentischlerei im Energo+ 3-Scheiben-Paket &#8211; Fenster und T\u00fcren aus Holz oder Aluminium.<\/li><li>Isolierung von Au\u00dfen- und Innenw\u00e4nden, Decken und Dachb\u00f6den. F\u00fcr die Isolierung werden Steico Flex 036 Matten verwendet.<\/li><li>Vorbereitung der Installationstrennw\u00e4nde.<\/li><li>Konstruktion des Schornsteinsystems einschlie\u00dflich Dachabdeckung.<\/li><\/ul>\n\n<div style=\"height:25px\" aria-hidden=\"true\" class=\"wp-block-spacer\"><\/div>\n\n<ol class=\"wp-block-list\" type=\"1\" start=\"4\"><li>Entwickler ( PLN 4.500,00 ) , bestehend aus:<\/li><\/ol>\n\n<ul class=\"wp-block-list\"><li>In dieser Version erhalten Sie den rohen, geschlossenen Zustand.<\/li><li>Sanit\u00e4r- und Abwassersysteme, Anschluss an das Geb\u00e4ude (ohne wei\u00dfe Armaturen).<\/li><li>Elektroinstallationen einschlie\u00dflich Schaltschrank, Anschluss an das Geb\u00e4ude (ohne wei\u00dfe Montage).<\/li><li>Zus\u00e4tzliche Isolierung der Installationswand zur Unterbrechung von W\u00e4rmebr\u00fccken.<\/li><li>Dampfsperre.<\/li><li>Schlie\u00dfen der W\u00e4nde im Inneren des Hauses (MFP + G-K-Platte).<\/li><li>Die Innenw\u00e4nde werden f\u00fcr den Anstrich auf Vordermann gebracht.<\/li><li>Vorbereitung der Verkabelung f\u00fcr die Fotovoltaik.<\/li><li>Vertrieb des R\u00fcckgewinnungssystems .<\/li><li>Die Decken werden auf einen malerischen Zustand gebracht \/ Spanndecken.<\/li><li>Einbau von Fu\u00dfbodenheizungen (Elektro, Gas, W\u00e4rmepumpen).<\/li><li>Das Haus wird in einen Zustand gebracht, in dem es fertiggestellt ist.<\/li><\/ul>\n\n<div style=\"height:25px\" aria-hidden=\"true\" class=\"wp-block-spacer\"><\/div>\n\n<ol class=\"wp-block-list\" type=\"1\" start=\"5\"><li>Schl\u00fcsselfertig ( PLN 6.000,00 ), einschlie\u00dflich:<\/li><\/ol>\n\n<ul class=\"wp-block-list\"><li>Sie erhalten diese Version im Developer-Zustand.<\/li><li>Fertigstellung der Fu\u00dfb\u00f6den im ganzen Haus.<\/li><li>Ausstattung des Badezimmers mit wei\u00dfen Armaturen.<\/li><li>Fertigstellung von Wasserinstallationen.<\/li><li><em>GROHE SENSE GUARD &#8211; INTELLIGENTES WASSERREGELUNGSMODUL.<\/em><\/li><li>Fertigstellung der Heizungsanlage.<\/li><li>Fertigstellung der Rekuperationsinstallation.<\/li><li>Wei\u00dfe Elektroinstallation.<\/li><li>Streichen des gesamten Hauses.<\/li><li>Durchf\u00fchrung von Entw\u00e4sserungsarbeiten und Nivellierung des Gel\u00e4ndes um das Geb\u00e4ude.<\/li><li>Das Haus wird in einen m\u00f6blierten und bewohnbaren Zustand gebracht.<\/li><li>Die Installation von M\u00f6beln \/ Schr\u00e4nken \/ K\u00fcche ist ebenfalls im Preis inbegriffen.<\/li><li>Holzterrassen gegen einen Aufpreis von 350,00 PLN pro Quadratmeter.<\/li><\/ul>\n\n<div style=\"height:25px\" aria-hidden=\"true\" class=\"wp-block-spacer\"><\/div>\n\n<p> <strong>( Preise pro 1m2 Bodenfl\u00e4che mit Passivhausparameter ).<\/strong><\/p>\n\n<div style=\"height:25px\" aria-hidden=\"true\" class=\"wp-block-spacer\"><\/div>\n\n<p>Wir haben auch ein genossenschaftliches Unternehmen, das sich mit Gartengestaltung, Verarbeitung und Verlegung von Platten und Granit-\/Betonpflaster besch\u00e4ftigt.<\/p>\n\n<div style=\"height:25px\" aria-hidden=\"true\" class=\"wp-block-spacer\"><\/div>\n\n<p>  Au\u00dfenw\u00e4nde aus 4,5&#215;19,5cm Balken<\/p>\n\n<p>  Innenw\u00e4nde aus 4,5X9-12 cm Balken<\/p>\n\n<p>  Decke aus 4,5&#215;22-24cm Balken<\/p>\n\n<p>Dachstuhl aus 4,5x22cm Fachwerkbalken<\/p>\n\n<div style=\"height:25px\" aria-hidden=\"true\" class=\"wp-block-spacer\"><\/div>\n\n<p>H\u00e4user aus diesen Profilen bieten die beste Stabilit\u00e4t und eine hervorragende W\u00e4rmed\u00e4mmung.<\/p>\n\n<p>Je nach Ihren Erwartungen an die W\u00e4rmeleistung Ihres Hauses erstellen wir entsprechende Berechnungen und Simulationen der D\u00e4mmschichten sowie Zeichnungen und Diagramme der einzelnen Trennw\u00e4nde, B\u00f6den, Decken und D\u00e4cher.<\/p>\n\n<div style=\"height:25px\" aria-hidden=\"true\" class=\"wp-block-spacer\"><\/div>\n\n<p>Die Steico-Systeme k\u00f6nnen sowohl f\u00fcr hinterl\u00fcftete Fassaden mit Verkleidungsplatten als auch f\u00fcr Standardfassaden mit Putz verwendet werden. In beiden F\u00e4llen handelt es sich um offene Diffusion.<\/p>\n\n<div style=\"height:25px\" aria-hidden=\"true\" class=\"wp-block-spacer\"><\/div>\n\n<p>Die Raumaufteilung des Hauses kann w\u00e4hrend des Bauprozesses individuell ver\u00e4ndert werden.<\/p>\n\n<p>Wir k\u00f6nnen Ihnen auch hochwertige Ger\u00e4te zu attraktiven Preisen liefern:<\/p>\n\n<div style=\"height:25px\" aria-hidden=\"true\" class=\"wp-block-spacer\"><\/div>\n\n<ul class=\"wp-block-list\"><li>Genesung .<\/li><li>Schornsteinsysteme.<\/li><li>Fotovoltaikanlagen<\/li><li>W\u00e4rmepumpen.<\/li><\/ul>\n\n<div style=\"height:25px\" aria-hidden=\"true\" class=\"wp-block-spacer\"><\/div>\n\n<p>  Wenn Sie bereits Planungsunterlagen (Projekt) haben und ein Angebot f\u00fcr das Haus erhalten m\u00f6chten, k\u00f6nnen Sie uns ein Angebot schicken.<\/p>\n\n<div style=\"height:25px\" aria-hidden=\"true\" class=\"wp-block-spacer\"><\/div>\n\n<p>Wir f\u00fchren solche Bewertungen in der Regel innerhalb von 2 Arbeitstagen durch.<\/p>\n\n<p>Wir machen jedes individuelle Hausprojekt in jeder Gr\u00f6\u00dfe und Anzahl der Stockwerke  <\/p>\n\n<div style=\"height:25px\" aria-hidden=\"true\" class=\"wp-block-spacer\"><\/div>\n\n<p>Energieeffizienz zertifiziert durch das Passivhaus Institut<\/p>\n\n<div style=\"height:25px\" aria-hidden=\"true\" class=\"wp-block-spacer\"><\/div>\n\n<p>Unsere umweltfreundlichen Bauprodukte erm\u00f6glichen die Planung und den Bau von H\u00e4usern nach einem energieeffizienten Standard, einschlie\u00dflich Passivh\u00e4usern. Die Geb\u00e4udel\u00f6sungen von STEICO sind mit dem renommierten Zertifikat des Deutschen Instituts f\u00fcr Passivhausbau ausgezeichnet worden. Der Zertifizierungsbericht best\u00e4tigt: Das STEICO Bausystem &#8222;ist f\u00fcr Passivh\u00e4user geeignet, da sowohl der W\u00e4rmedurchgangskoeffizient U der Au\u00dfenbauteile unter 0,15 W\/(m2-K) liegt als auch das Kriterium der W\u00e4rmebr\u00fcckenfreiheit eingehalten wird.&#8220;<\/p>\n\n<div style=\"height:25px\" aria-hidden=\"true\" class=\"wp-block-spacer\"><\/div>\n\n<p>Wenn Sie unser Angebot nutzen, erhalten Sie Produkte von h\u00f6chster Qualit\u00e4t, die professionell und mit der n\u00f6tigen Sorgfalt hergestellt werden. Wir verf\u00fcgen \u00fcber eine langj\u00e4hrige Erfahrung im Bau von Holzh\u00e4usern, die durch zahlreiche Referenzen aus skandinavischen L\u00e4ndern best\u00e4tigt wird.<\/p>\n\n<div style=\"height:25px\" aria-hidden=\"true\" class=\"wp-block-spacer\"><\/div>\n\n<p>Wir arbeiten mit vielen Designern, Architekten und Bauunternehmern in Schweden, Finnland, D\u00e4nemark und Norwegen zusammen. Wir haben auch viele zufriedene Kunden aus Deutschland, die unsere Referenzen best\u00e4tigen k\u00f6nnen.<\/p>\n\n<div style=\"height:25px\" aria-hidden=\"true\" class=\"wp-block-spacer\"><\/div>\n\n<p>Sie k\u00f6nnen mich gerne kontaktieren.<\/p>\n\n<p>Proparea SP ZOO<\/p>\n","protected":false},"excerpt":{"rendered":"<p>Wir bieten qualitativ hochwertige Installations- und Veredelungsdienstleistungen f\u00fcr Fertigh\u00e4user in f\u00fcnf Preisoptionen und Veredelungsgraden an: Hausrahmen plus Dachstuhl (\u00a31.200,00), bestehend aus: Bau eines Fachwerkhauses (Au\u00dfenwandstruktur, Innenwandstruktur, Decke, Dachstruktur). Alle Planungsunterlagen, die Sie f\u00fcr die Baugenehmigung einreichen m\u00fcssen. Befestigungsteile wie N\u00e4gel, Schrauben, D\u00fcbel und Tischlerverbinder. Roh offen ( \u00a32,500.00 ), bestehend aus: Bau eines Fachwerkhauses (Au\u00dfenwandkonstruktion, [&hellip;]<\/p>\n","protected":false},"author":1,"featured_media":0,"parent":0,"menu_order":0,"comment_status":"closed","ping_status":"closed","template":"","meta":{"footnotes":""},"class_list":["post-2188","page","type-page","status-publish","hentry"],"yoast_head":"<!-- This site is optimized with the Yoast SEO plugin v27.1.1 - https:\/\/yoast.com\/product\/yoast-seo-wordpress\/ -->\n<title>Angebot-proparea - Proparea<\/title>\n<meta name=\"robots\" content=\"index, follow, max-snippet:-1, max-image-preview:large, max-video-preview:-1\" \/>\n<link rel=\"canonical\" href=\"https:\/\/proparea.pl\/de\/angebot-proparea\/\" \/>\n<meta property=\"og:locale\" content=\"de_DE\" \/>\n<meta property=\"og:type\" content=\"article\" \/>\n<meta property=\"og:title\" content=\"Angebot-proparea - Proparea\" \/>\n<meta property=\"og:description\" content=\"Wir bieten qualitativ hochwertige Installations- und Veredelungsdienstleistungen f\u00fcr Fertigh\u00e4user in f\u00fcnf Preisoptionen und Veredelungsgraden an: Hausrahmen plus Dachstuhl (\u00a31.200,00), bestehend aus: Bau eines Fachwerkhauses (Au\u00dfenwandstruktur, Innenwandstruktur, Decke, Dachstruktur). Alle Planungsunterlagen, die Sie f\u00fcr die Baugenehmigung einreichen m\u00fcssen. Befestigungsteile wie N\u00e4gel, Schrauben, D\u00fcbel und Tischlerverbinder. Roh offen ( \u00a32,500.00 ), bestehend aus: Bau eines Fachwerkhauses (Au\u00dfenwandkonstruktion, [&hellip;]\" \/>\n<meta property=\"og:url\" content=\"https:\/\/proparea.pl\/de\/angebot-proparea\/\" \/>\n<meta property=\"og:site_name\" content=\"Proparea\" \/>\n<meta property=\"article:modified_time\" content=\"2022-07-11T10:46:51+00:00\" \/>\n<meta name=\"twitter:card\" content=\"summary_large_image\" \/>\n<meta name=\"twitter:label1\" content=\"Gesch\u00e4tzte Lesezeit\" \/>\n\t<meta name=\"twitter:data1\" content=\"4\u00a0Minuten\" \/>\n<script type=\"application\/ld+json\" class=\"yoast-schema-graph\">{\"@context\":\"https:\/\/schema.org\",\"@graph\":[{\"@type\":\"WebPage\",\"@id\":\"https:\/\/proparea.pl\/de\/angebot-proparea\/\",\"url\":\"https:\/\/proparea.pl\/de\/angebot-proparea\/\",\"name\":\"Angebot-proparea - Proparea\",\"isPartOf\":{\"@id\":\"https:\/\/proparea.pl\/de\/#website\"},\"datePublished\":\"2022-07-11T10:46:49+00:00\",\"dateModified\":\"2022-07-11T10:46:51+00:00\",\"breadcrumb\":{\"@id\":\"https:\/\/proparea.pl\/de\/angebot-proparea\/#breadcrumb\"},\"inLanguage\":\"de\",\"potentialAction\":[{\"@type\":\"ReadAction\",\"target\":[\"https:\/\/proparea.pl\/de\/angebot-proparea\/\"]}]},{\"@type\":\"BreadcrumbList\",\"@id\":\"https:\/\/proparea.pl\/de\/angebot-proparea\/#breadcrumb\",\"itemListElement\":[{\"@type\":\"ListItem\",\"position\":1,\"name\":\"Strona g\u0142\u00f3wna\",\"item\":\"https:\/\/proparea.pl\/de\/\"},{\"@type\":\"ListItem\",\"position\":2,\"name\":\"Angebot-proparea\"}]},{\"@type\":\"WebSite\",\"@id\":\"https:\/\/proparea.pl\/de\/#website\",\"url\":\"https:\/\/proparea.pl\/de\/\",\"name\":\"Proparea\",\"description\":\"Od projektu a\u017c po klucz\",\"publisher\":{\"@id\":\"https:\/\/proparea.pl\/de\/#organization\"},\"potentialAction\":[{\"@type\":\"SearchAction\",\"target\":{\"@type\":\"EntryPoint\",\"urlTemplate\":\"https:\/\/proparea.pl\/de\/?s={search_term_string}\"},\"query-input\":{\"@type\":\"PropertyValueSpecification\",\"valueRequired\":true,\"valueName\":\"search_term_string\"}}],\"inLanguage\":\"de\"},{\"@type\":\"Organization\",\"@id\":\"https:\/\/proparea.pl\/de\/#organization\",\"name\":\"Proparea\",\"url\":\"https:\/\/proparea.pl\/de\/\",\"logo\":{\"@type\":\"ImageObject\",\"inLanguage\":\"de\",\"@id\":\"https:\/\/proparea.pl\/de\/#\/schema\/logo\/image\/\",\"url\":\"https:\/\/proparea.pl\/wp-content\/uploads\/2021\/08\/logo-md-e1630346040128.png\",\"contentUrl\":\"https:\/\/proparea.pl\/wp-content\/uploads\/2021\/08\/logo-md-e1630346040128.png\",\"width\":300,\"height\":214,\"caption\":\"Proparea\"},\"image\":{\"@id\":\"https:\/\/proparea.pl\/de\/#\/schema\/logo\/image\/\"}}]}<\/script>\n<!-- \/ Yoast SEO plugin. -->","yoast_head_json":{"title":"Angebot-proparea - Proparea","robots":{"index":"index","follow":"follow","max-snippet":"max-snippet:-1","max-image-preview":"max-image-preview:large","max-video-preview":"max-video-preview:-1"},"canonical":"https:\/\/proparea.pl\/de\/angebot-proparea\/","og_locale":"de_DE","og_type":"article","og_title":"Angebot-proparea - Proparea","og_description":"Wir bieten qualitativ hochwertige Installations- und Veredelungsdienstleistungen f\u00fcr Fertigh\u00e4user in f\u00fcnf Preisoptionen und Veredelungsgraden an: Hausrahmen plus Dachstuhl (\u00a31.200,00), bestehend aus: Bau eines Fachwerkhauses (Au\u00dfenwandstruktur, Innenwandstruktur, Decke, Dachstruktur). Alle Planungsunterlagen, die Sie f\u00fcr die Baugenehmigung einreichen m\u00fcssen. Befestigungsteile wie N\u00e4gel, Schrauben, D\u00fcbel und Tischlerverbinder. Roh offen ( \u00a32,500.00 ), bestehend aus: Bau eines Fachwerkhauses (Au\u00dfenwandkonstruktion, [&hellip;]","og_url":"https:\/\/proparea.pl\/de\/angebot-proparea\/","og_site_name":"Proparea","article_modified_time":"2022-07-11T10:46:51+00:00","twitter_card":"summary_large_image","twitter_misc":{"Gesch\u00e4tzte Lesezeit":"4\u00a0Minuten"},"schema":{"@context":"https:\/\/schema.org","@graph":[{"@type":"WebPage","@id":"https:\/\/proparea.pl\/de\/angebot-proparea\/","url":"https:\/\/proparea.pl\/de\/angebot-proparea\/","name":"Angebot-proparea - Proparea","isPartOf":{"@id":"https:\/\/proparea.pl\/de\/#website"},"datePublished":"2022-07-11T10:46:49+00:00","dateModified":"2022-07-11T10:46:51+00:00","breadcrumb":{"@id":"https:\/\/proparea.pl\/de\/angebot-proparea\/#breadcrumb"},"inLanguage":"de","potentialAction":[{"@type":"ReadAction","target":["https:\/\/proparea.pl\/de\/angebot-proparea\/"]}]},{"@type":"BreadcrumbList","@id":"https:\/\/proparea.pl\/de\/angebot-proparea\/#breadcrumb","itemListElement":[{"@type":"ListItem","position":1,"name":"Strona g\u0142\u00f3wna","item":"https:\/\/proparea.pl\/de\/"},{"@type":"ListItem","position":2,"name":"Angebot-proparea"}]},{"@type":"WebSite","@id":"https:\/\/proparea.pl\/de\/#website","url":"https:\/\/proparea.pl\/de\/","name":"Proparea","description":"Od projektu a\u017c po klucz","publisher":{"@id":"https:\/\/proparea.pl\/de\/#organization"},"potentialAction":[{"@type":"SearchAction","target":{"@type":"EntryPoint","urlTemplate":"https:\/\/proparea.pl\/de\/?s={search_term_string}"},"query-input":{"@type":"PropertyValueSpecification","valueRequired":true,"valueName":"search_term_string"}}],"inLanguage":"de"},{"@type":"Organization","@id":"https:\/\/proparea.pl\/de\/#organization","name":"Proparea","url":"https:\/\/proparea.pl\/de\/","logo":{"@type":"ImageObject","inLanguage":"de","@id":"https:\/\/proparea.pl\/de\/#\/schema\/logo\/image\/","url":"https:\/\/proparea.pl\/wp-content\/uploads\/2021\/08\/logo-md-e1630346040128.png","contentUrl":"https:\/\/proparea.pl\/wp-content\/uploads\/2021\/08\/logo-md-e1630346040128.png","width":300,"height":214,"caption":"Proparea"},"image":{"@id":"https:\/\/proparea.pl\/de\/#\/schema\/logo\/image\/"}}]}},"_links":{"self":[{"href":"https:\/\/proparea.pl\/de\/wp-json\/wp\/v2\/pages\/2188","targetHints":{"allow":["GET"]}}],"collection":[{"href":"https:\/\/proparea.pl\/de\/wp-json\/wp\/v2\/pages"}],"about":[{"href":"https:\/\/proparea.pl\/de\/wp-json\/wp\/v2\/types\/page"}],"author":[{"embeddable":true,"href":"https:\/\/proparea.pl\/de\/wp-json\/wp\/v2\/users\/1"}],"replies":[{"embeddable":true,"href":"https:\/\/proparea.pl\/de\/wp-json\/wp\/v2\/comments?post=2188"}],"version-history":[{"count":3,"href":"https:\/\/proparea.pl\/de\/wp-json\/wp\/v2\/pages\/2188\/revisions"}],"predecessor-version":[{"id":2191,"href":"https:\/\/proparea.pl\/de\/wp-json\/wp\/v2\/pages\/2188\/revisions\/2191"}],"wp:attachment":[{"href":"https:\/\/proparea.pl\/de\/wp-json\/wp\/v2\/media?parent=2188"}],"curies":[{"name":"wp","href":"https:\/\/api.w.org\/{rel}","templated":true}]}}