{"id":633,"date":"2022-03-20T11:16:39","date_gmt":"2022-03-20T11:16:39","guid":{"rendered":"https:\/\/domypasywne.perfectumagency.pl\/steico-prefabricates\/"},"modified":"2022-03-31T16:20:03","modified_gmt":"2022-03-31T16:20:03","slug":"steico-prefabricates","status":"publish","type":"page","link":"https:\/\/proparea.pl\/en\/steico-prefabricates\/","title":{"rendered":"STEICO prefabricates"},"content":{"rendered":"\n<div class=\"wp-block-columns is-layout-flex wp-container-core-columns-is-layout-9d6595d7 wp-block-columns-is-layout-flex\">\n<div class=\"wp-block-column is-layout-flow wp-block-column-is-layout-flow\" style=\"flex-basis:60%\">\n<p>Ekologia, ekonomia i polityka spo\u0142eczna. Te obszary w STEICO s\u0105 okre\u015blane mianem zr\u00f3wnowa\u017conego rozwoju. STEICO to ekologiczne produkty wykonane z surowc\u00f3w przyjaznych \u015brodowisku. Mog\u0105 by\u0107 wykorzystywane przy modernizacji budynk\u00f3w oraz w przypadku budowy nowego domu. Umo\u017cliwiaj\u0105 one budow\u0119 przysz\u0142o\u015bciowych, zdrowych budynk\u00f3w o wyj\u0105tkowej jako\u015bci.<\/p>\n<\/div>\n\n\n\n<div class=\"wp-block-column is-layout-flow wp-block-column-is-layout-flow\" style=\"flex-basis:40%\">\n<figure class=\"wp-block-image size-full is-resized\"><img loading=\"lazy\" decoding=\"async\" src=\"https:\/\/proparea.pl\/wp-content\/uploads\/2022\/03\/steico-naturlich-besser-dammen.jpg\" alt=\"\" class=\"wp-image-797\" width=\"322\" height=\"181\" srcset=\"https:\/\/proparea.pl\/wp-content\/uploads\/2022\/03\/steico-naturlich-besser-dammen.jpg 500w, https:\/\/proparea.pl\/wp-content\/uploads\/2022\/03\/steico-naturlich-besser-dammen-300x169.jpg 300w\" sizes=\"auto, (max-width: 322px) 100vw, 322px\" \/><\/figure>\n<\/div>\n<\/div>\n\n\n\n<div style=\"height:50px\" aria-hidden=\"true\" class=\"wp-block-spacer\"><\/div>\n\n\n\n<h2 class=\"wp-block-heading\"><strong>Dom w technologii szkieletowej STEICO<\/strong><\/h2>\n\n\n\n<div style=\"height:20px\" aria-hidden=\"true\" class=\"wp-block-spacer\"><\/div>\n\n\n\n<div class=\"wp-block-columns is-layout-flex wp-container-core-columns-is-layout-9d6595d7 wp-block-columns-is-layout-flex\">\n<div class=\"wp-block-column is-layout-flow wp-block-column-is-layout-flow\" style=\"flex-basis:40%\">\n<figure class=\"wp-block-image size-full\"><img loading=\"lazy\" decoding=\"async\" width=\"500\" height=\"408\" src=\"https:\/\/proparea.pl\/wp-content\/uploads\/2022\/03\/proparea-szkielet-domu-steico-c24.webp\" alt=\"\" class=\"wp-image-685\" srcset=\"https:\/\/proparea.pl\/wp-content\/uploads\/2022\/03\/proparea-szkielet-domu-steico-c24.webp 500w, https:\/\/proparea.pl\/wp-content\/uploads\/2022\/03\/proparea-szkielet-domu-steico-c24-300x245.webp 300w\" sizes=\"auto, (max-width: 500px) 100vw, 500px\" \/><\/figure>\n<\/div>\n\n\n\n<div class=\"wp-block-column is-layout-flow wp-block-column-is-layout-flow\" style=\"flex-basis:60%\">\n<p><strong>Dom szkieletowy na pokolenia<\/strong> Wielu uwa\u017ca, \u017ce kanadyjczyk to dom na jedno pokolenie. Przecz\u0105 temu do\u015bwiadczenia z innych kraj\u00f3w. W Stanach Zjednoczonych czy Skandynawii stoj\u0105 stuletnie domy o konstrukcji szkieletowej. Zosta\u0142y zbudowane z dobrej jako\u015bci drewna, dobrze zaizolowane i zabezpieczone przed niszcz\u0105cym dzia\u0142aniem czynnik\u00f3w atmosferycznych. Co wa\u017cne, kanadyjczyki \u0142atwo mo\u017cna adaptowa\u0107 w razie nowej sytuacji \u017cyciowej. Bez trudu mo\u017cna przearan\u017cowa\u0107 wn\u0119trza albo w razie potrzeby dobudowa\u0107 nowy fragment domu. <strong>Pi\u0119\u0107 trend\u00f3w, kt\u00f3re odmieni\u0105 rynek budownictwa drewnianego w Polsce<\/strong><\/p>\n\n\n\n<ul class=\"wp-block-list\"><li><strong>Prefabrykacja<\/strong> &#8211; budowanie z prefabrykat\u00f3w wymaga mniejszej liczby pracownik\u00f3w, a dzi\u0119ki precyzyjnie wykonanym elementom jest dok\u0142adniejsze i zajmuje znacznie mniej czasu, co wp\u0142ywa na skr\u00f3cenie ca\u0142ego procesu inwestycyjnego<\/li><li><strong>Energooszcz\u0119dno\u015b\u0107 <\/strong>&#8211; wa\u017cny jest \u015bwiadomy i rozs\u0105dny wyb\u00f3r technologii oraz materia\u0142\u00f3w budowlanych, kt\u00f3re pozwol\u0105 uzyska\u0107 wymagane parametry wynikaj\u0105ce z&nbsp;za\u0142o\u017ce\u0144 klimatycznych Unii Europejskiej, nie nara\u017caj\u0105c inwestora na kosztowne i pracoch\u0142onne prace modernizacyjne<\/li><li><strong>Potrzeba komfortu<\/strong> &#8211; domy w systemie budowlanym STEICO to \u015bwiadomy wyb\u00f3r \u017cycia w zgodzie z natur\u0105. W konstrukcji przegr\u00f3d budynk\u00f3w projektowanych w technologii STEICO stosuje si\u0119 termoizolacj\u0119 z naturalnych w\u0142\u00f3kien drzewnych, kt\u00f3ra nie tylko sprzyja zdrowiu i dobremu samopoczuciu mieszka\u0144c\u00f3w, ale dodatkowo dzia\u0142a jak bufor ciep\u0142a w zimie oraz bariera dla upa\u0142\u00f3w w lecie.<\/li><li><strong>Ekologia<\/strong> &#8211; domy z drewna w systemie konstrukcyjnym STEICO idealnie wpisuj\u0105 si\u0119 w rosn\u0105ce w si\u0142\u0119 trendy proekologiczne. Budynek wi\u0105\u017c\u0105c CO2&nbsp;nie pog\u0142\u0119bia efektu cieplarnianego, a dzi\u0119ki optymalnej termoizolacji z w\u0142\u00f3kien drzewnych redukuje zapotrzebowanie na energi\u0119 ciepln\u0105.<\/li><li><strong>Odpowiedzialno\u015b\u0107 spo\u0142eczna<\/strong> &#8211; zr\u00f3wnowa\u017cone budownictwo musi przestawi\u0107 si\u0119 na naturalne materia\u0142y odnawialne o niskim \u015bladzie&nbsp;w\u0119glowym oraz technologie, kt\u00f3re wymagaj\u0105 znacznie mniej energii&nbsp;ni\u017c metody konwencjonalne<\/li><\/ul>\n<\/div>\n<\/div>\n","protected":false},"excerpt":{"rendered":"<p>Ekologia, ekonomia i polityka spo\u0142eczna. Te obszary w STEICO s\u0105 okre\u015blane mianem zr\u00f3wnowa\u017conego rozwoju. STEICO to ekologiczne produkty wykonane z surowc\u00f3w przyjaznych \u015brodowisku. Mog\u0105 by\u0107 wykorzystywane przy modernizacji budynk\u00f3w oraz w przypadku budowy nowego domu. Umo\u017cliwiaj\u0105 one budow\u0119 przysz\u0142o\u015bciowych, zdrowych budynk\u00f3w o wyj\u0105tkowej jako\u015bci. Dom w technologii szkieletowej STEICO Dom szkieletowy na pokolenia Wielu uwa\u017ca, [&hellip;]<\/p>\n","protected":false},"author":1,"featured_media":0,"parent":0,"menu_order":0,"comment_status":"closed","ping_status":"closed","template":"page-templates\/steico-en.php","meta":{"footnotes":""},"class_list":["post-633","page","type-page","status-publish","hentry"],"yoast_head":"<!-- This site is optimized with the Yoast SEO plugin v27.1.1 - https:\/\/yoast.com\/product\/yoast-seo-wordpress\/ -->\n<title>STEICO prefabricates - Proparea<\/title>\n<meta name=\"robots\" content=\"index, follow, max-snippet:-1, max-image-preview:large, max-video-preview:-1\" \/>\n<link rel=\"canonical\" href=\"https:\/\/proparea.pl\/en\/steico-prefabricates\/\" \/>\n<meta property=\"og:locale\" content=\"en_US\" \/>\n<meta property=\"og:type\" content=\"article\" \/>\n<meta property=\"og:title\" content=\"STEICO prefabricates - Proparea\" \/>\n<meta property=\"og:description\" content=\"Ekologia, ekonomia i polityka spo\u0142eczna. Te obszary w STEICO s\u0105 okre\u015blane mianem zr\u00f3wnowa\u017conego rozwoju. STEICO to ekologiczne produkty wykonane z surowc\u00f3w przyjaznych \u015brodowisku. Mog\u0105 by\u0107 wykorzystywane przy modernizacji budynk\u00f3w oraz w przypadku budowy nowego domu. Umo\u017cliwiaj\u0105 one budow\u0119 przysz\u0142o\u015bciowych, zdrowych budynk\u00f3w o wyj\u0105tkowej jako\u015bci. Dom w technologii szkieletowej STEICO Dom szkieletowy na pokolenia Wielu uwa\u017ca, [&hellip;]\" \/>\n<meta property=\"og:url\" content=\"https:\/\/proparea.pl\/en\/steico-prefabricates\/\" \/>\n<meta property=\"og:site_name\" content=\"Proparea\" \/>\n<meta property=\"article:modified_time\" content=\"2022-03-31T16:20:03+00:00\" \/>\n<meta property=\"og:image\" content=\"https:\/\/proparea.pl\/wp-content\/uploads\/2022\/03\/steico-naturlich-besser-dammen.jpg\" \/>\n<meta name=\"twitter:card\" content=\"summary_large_image\" \/>\n<meta name=\"twitter:label1\" content=\"Est. reading time\" \/>\n\t<meta name=\"twitter:data1\" content=\"3 minutes\" \/>\n<script type=\"application\/ld+json\" class=\"yoast-schema-graph\">{\"@context\":\"https:\/\/schema.org\",\"@graph\":[{\"@type\":\"WebPage\",\"@id\":\"https:\/\/proparea.pl\/en\/steico-prefabricates\/\",\"url\":\"https:\/\/proparea.pl\/en\/steico-prefabricates\/\",\"name\":\"STEICO prefabricates - Proparea\",\"isPartOf\":{\"@id\":\"https:\/\/proparea.pl\/en\/#website\"},\"primaryImageOfPage\":{\"@id\":\"https:\/\/proparea.pl\/en\/steico-prefabricates\/#primaryimage\"},\"image\":{\"@id\":\"https:\/\/proparea.pl\/en\/steico-prefabricates\/#primaryimage\"},\"thumbnailUrl\":\"https:\/\/proparea.pl\/wp-content\/uploads\/2022\/03\/steico-naturlich-besser-dammen.jpg\",\"datePublished\":\"2022-03-20T11:16:39+00:00\",\"dateModified\":\"2022-03-31T16:20:03+00:00\",\"breadcrumb\":{\"@id\":\"https:\/\/proparea.pl\/en\/steico-prefabricates\/#breadcrumb\"},\"inLanguage\":\"en-US\",\"potentialAction\":[{\"@type\":\"ReadAction\",\"target\":[\"https:\/\/proparea.pl\/en\/steico-prefabricates\/\"]}]},{\"@type\":\"ImageObject\",\"inLanguage\":\"en-US\",\"@id\":\"https:\/\/proparea.pl\/en\/steico-prefabricates\/#primaryimage\",\"url\":\"https:\/\/proparea.pl\/wp-content\/uploads\/2022\/03\/steico-naturlich-besser-dammen.jpg\",\"contentUrl\":\"https:\/\/proparea.pl\/wp-content\/uploads\/2022\/03\/steico-naturlich-besser-dammen.jpg\"},{\"@type\":\"BreadcrumbList\",\"@id\":\"https:\/\/proparea.pl\/en\/steico-prefabricates\/#breadcrumb\",\"itemListElement\":[{\"@type\":\"ListItem\",\"position\":1,\"name\":\"Strona g\u0142\u00f3wna\",\"item\":\"https:\/\/proparea.pl\/en\/\"},{\"@type\":\"ListItem\",\"position\":2,\"name\":\"STEICO prefabricates\"}]},{\"@type\":\"WebSite\",\"@id\":\"https:\/\/proparea.pl\/en\/#website\",\"url\":\"https:\/\/proparea.pl\/en\/\",\"name\":\"Proparea\",\"description\":\"Od projektu a\u017c po klucz\",\"publisher\":{\"@id\":\"https:\/\/proparea.pl\/en\/#organization\"},\"potentialAction\":[{\"@type\":\"SearchAction\",\"target\":{\"@type\":\"EntryPoint\",\"urlTemplate\":\"https:\/\/proparea.pl\/en\/?s={search_term_string}\"},\"query-input\":{\"@type\":\"PropertyValueSpecification\",\"valueRequired\":true,\"valueName\":\"search_term_string\"}}],\"inLanguage\":\"en-US\"},{\"@type\":\"Organization\",\"@id\":\"https:\/\/proparea.pl\/en\/#organization\",\"name\":\"Proparea\",\"url\":\"https:\/\/proparea.pl\/en\/\",\"logo\":{\"@type\":\"ImageObject\",\"inLanguage\":\"en-US\",\"@id\":\"https:\/\/proparea.pl\/en\/#\/schema\/logo\/image\/\",\"url\":\"https:\/\/proparea.pl\/wp-content\/uploads\/2021\/08\/logo-md-e1630346040128.png\",\"contentUrl\":\"https:\/\/proparea.pl\/wp-content\/uploads\/2021\/08\/logo-md-e1630346040128.png\",\"width\":300,\"height\":214,\"caption\":\"Proparea\"},\"image\":{\"@id\":\"https:\/\/proparea.pl\/en\/#\/schema\/logo\/image\/\"}}]}<\/script>\n<!-- \/ Yoast SEO plugin. -->","yoast_head_json":{"title":"STEICO prefabricates - Proparea","robots":{"index":"index","follow":"follow","max-snippet":"max-snippet:-1","max-image-preview":"max-image-preview:large","max-video-preview":"max-video-preview:-1"},"canonical":"https:\/\/proparea.pl\/en\/steico-prefabricates\/","og_locale":"en_US","og_type":"article","og_title":"STEICO prefabricates - Proparea","og_description":"Ekologia, ekonomia i polityka spo\u0142eczna. Te obszary w STEICO s\u0105 okre\u015blane mianem zr\u00f3wnowa\u017conego rozwoju. STEICO to ekologiczne produkty wykonane z surowc\u00f3w przyjaznych \u015brodowisku. Mog\u0105 by\u0107 wykorzystywane przy modernizacji budynk\u00f3w oraz w przypadku budowy nowego domu. Umo\u017cliwiaj\u0105 one budow\u0119 przysz\u0142o\u015bciowych, zdrowych budynk\u00f3w o wyj\u0105tkowej jako\u015bci. Dom w technologii szkieletowej STEICO Dom szkieletowy na pokolenia Wielu uwa\u017ca, [&hellip;]","og_url":"https:\/\/proparea.pl\/en\/steico-prefabricates\/","og_site_name":"Proparea","article_modified_time":"2022-03-31T16:20:03+00:00","og_image":[{"url":"https:\/\/proparea.pl\/wp-content\/uploads\/2022\/03\/steico-naturlich-besser-dammen.jpg","type":"","width":"","height":""}],"twitter_card":"summary_large_image","twitter_misc":{"Est. reading time":"3 minutes"},"schema":{"@context":"https:\/\/schema.org","@graph":[{"@type":"WebPage","@id":"https:\/\/proparea.pl\/en\/steico-prefabricates\/","url":"https:\/\/proparea.pl\/en\/steico-prefabricates\/","name":"STEICO prefabricates - Proparea","isPartOf":{"@id":"https:\/\/proparea.pl\/en\/#website"},"primaryImageOfPage":{"@id":"https:\/\/proparea.pl\/en\/steico-prefabricates\/#primaryimage"},"image":{"@id":"https:\/\/proparea.pl\/en\/steico-prefabricates\/#primaryimage"},"thumbnailUrl":"https:\/\/proparea.pl\/wp-content\/uploads\/2022\/03\/steico-naturlich-besser-dammen.jpg","datePublished":"2022-03-20T11:16:39+00:00","dateModified":"2022-03-31T16:20:03+00:00","breadcrumb":{"@id":"https:\/\/proparea.pl\/en\/steico-prefabricates\/#breadcrumb"},"inLanguage":"en-US","potentialAction":[{"@type":"ReadAction","target":["https:\/\/proparea.pl\/en\/steico-prefabricates\/"]}]},{"@type":"ImageObject","inLanguage":"en-US","@id":"https:\/\/proparea.pl\/en\/steico-prefabricates\/#primaryimage","url":"https:\/\/proparea.pl\/wp-content\/uploads\/2022\/03\/steico-naturlich-besser-dammen.jpg","contentUrl":"https:\/\/proparea.pl\/wp-content\/uploads\/2022\/03\/steico-naturlich-besser-dammen.jpg"},{"@type":"BreadcrumbList","@id":"https:\/\/proparea.pl\/en\/steico-prefabricates\/#breadcrumb","itemListElement":[{"@type":"ListItem","position":1,"name":"Strona g\u0142\u00f3wna","item":"https:\/\/proparea.pl\/en\/"},{"@type":"ListItem","position":2,"name":"STEICO prefabricates"}]},{"@type":"WebSite","@id":"https:\/\/proparea.pl\/en\/#website","url":"https:\/\/proparea.pl\/en\/","name":"Proparea","description":"Od projektu a\u017c po klucz","publisher":{"@id":"https:\/\/proparea.pl\/en\/#organization"},"potentialAction":[{"@type":"SearchAction","target":{"@type":"EntryPoint","urlTemplate":"https:\/\/proparea.pl\/en\/?s={search_term_string}"},"query-input":{"@type":"PropertyValueSpecification","valueRequired":true,"valueName":"search_term_string"}}],"inLanguage":"en-US"},{"@type":"Organization","@id":"https:\/\/proparea.pl\/en\/#organization","name":"Proparea","url":"https:\/\/proparea.pl\/en\/","logo":{"@type":"ImageObject","inLanguage":"en-US","@id":"https:\/\/proparea.pl\/en\/#\/schema\/logo\/image\/","url":"https:\/\/proparea.pl\/wp-content\/uploads\/2021\/08\/logo-md-e1630346040128.png","contentUrl":"https:\/\/proparea.pl\/wp-content\/uploads\/2021\/08\/logo-md-e1630346040128.png","width":300,"height":214,"caption":"Proparea"},"image":{"@id":"https:\/\/proparea.pl\/en\/#\/schema\/logo\/image\/"}}]}},"_links":{"self":[{"href":"https:\/\/proparea.pl\/en\/wp-json\/wp\/v2\/pages\/633","targetHints":{"allow":["GET"]}}],"collection":[{"href":"https:\/\/proparea.pl\/en\/wp-json\/wp\/v2\/pages"}],"about":[{"href":"https:\/\/proparea.pl\/en\/wp-json\/wp\/v2\/types\/page"}],"author":[{"embeddable":true,"href":"https:\/\/proparea.pl\/en\/wp-json\/wp\/v2\/users\/1"}],"replies":[{"embeddable":true,"href":"https:\/\/proparea.pl\/en\/wp-json\/wp\/v2\/comments?post=633"}],"version-history":[{"count":4,"href":"https:\/\/proparea.pl\/en\/wp-json\/wp\/v2\/pages\/633\/revisions"}],"predecessor-version":[{"id":837,"href":"https:\/\/proparea.pl\/en\/wp-json\/wp\/v2\/pages\/633\/revisions\/837"}],"wp:attachment":[{"href":"https:\/\/proparea.pl\/en\/wp-json\/wp\/v2\/media?parent=633"}],"curies":[{"name":"wp","href":"https:\/\/api.w.org\/{rel}","templated":true}]}}