{"id":2192,"date":"2022-07-11T10:48:33","date_gmt":"2022-07-11T10:48:33","guid":{"rendered":"https:\/\/proparea.pl\/erbjudande-proparea\/"},"modified":"2022-07-11T10:48:34","modified_gmt":"2022-07-11T10:48:34","slug":"erbjudande-proparea","status":"publish","type":"page","link":"https:\/\/proparea.pl\/sv\/erbjudande-proparea\/","title":{"rendered":"Erbjudande-proparea"},"content":{"rendered":"\n<p>Vi erbjuder h\u00f6gkvalitativa installations- och efterbehandlingstj\u00e4nster f\u00f6r fabrikshus i fem prisalternativ och med fem olika grader av finish :<\/p>\n\n<div style=\"height:25px\" aria-hidden=\"true\" class=\"wp-block-spacer\"><\/div>\n\n<ol class=\"wp-block-list\" type=\"1\"><li>Husstomme plus takstol ( \u00a31 200,00) , best\u00e5ende av:<\/li><\/ol>\n\n<ul class=\"wp-block-list\"><li>Byggande av ett hus med timmerstomme (ytterv\u00e4ggar, innerv\u00e4ggar, tak, tak).  <\/li><li>Alla planeringsdokument som du beh\u00f6ver f\u00f6r att f\u00e5 byggnadstillst\u00e5nd.<\/li><li>F\u00e4stdelar som spikar, skruvar, pluggar och snickerif\u00e4sten.  <\/li><\/ul>\n\n<div style=\"height:25px\" aria-hidden=\"true\" class=\"wp-block-spacer\"><\/div>\n\n<ol class=\"wp-block-list\" type=\"1\" start=\"2\"><li>R\u00e5tt \u00f6ppet ( \u00a32,500.00 ), best\u00e5ende av:<\/li><\/ol>\n\n<ul class=\"wp-block-list\"><li>byggande av ett ramhus (ytterv\u00e4ggar, innerv\u00e4ggar, tak, takstruktur)<\/li><li>Byggande av grunden (prefabricerade stolpar\/grundplatta).<\/li><li>Vattent\u00e4tning av grunden.<\/li><li>Ytterv\u00e4ggsbekl\u00e4dnad med Steico SpecialDry 60 mm tr\u00e4fiberskiva<\/li><li>Takbekl\u00e4dnad med Steico SpecialDry 80 mm tr\u00e4fiberskiva<\/li><li>T\u00e4ckning av takets utsida med Steico UDB-membran , motlister C24 .<\/li><li>T\u00e4ckning av ytterv\u00e4ggarna med Steico UDB-membran (om det r\u00f6r sig om en ventilerad fasad plus motlister av C24, om det r\u00f6r sig om puts beh\u00f6vs det inte).<\/li><\/ul>\n\n<p>F\u00f6r tr\u00e4golv tillkommer en till\u00e4ggsavgift p\u00e5 200,00 zloty per kvadratmeter f\u00f6r att isolera och skydda golvet mot fukt.  <\/p>\n\n<div style=\"height:25px\" aria-hidden=\"true\" class=\"wp-block-spacer\"><\/div>\n\n<ol class=\"wp-block-list\" type=\"1\" start=\"3\"><li>R\u00e5tt st\u00e4ngt ( PLN 3 500,00 ) , best\u00e5ende av:<\/li><\/ol>\n\n<ul class=\"wp-block-list\"><li>I den h\u00e4r versionen f\u00e5r du det r\u00e5a \u00f6ppna tillst\u00e5ndet .<\/li><li>St\u00e5ende pl\u00e5ttak \/ takpl\u00e5t \/ takpannor, inklusive h\u00e4ngr\u00e4nnor, och efterbehandling av taket (soffit).<\/li><li>Gipsfasad (om det r\u00f6r sig om en ventilerad fasad tillkommer en till\u00e4ggsavgift p\u00e5 200,00 PLN\/m2). &#8211; Sibirisk l\u00e4rk \/ s\u00f6mmen pl\u00e5tbekl\u00e4dnad fasadbr\u00e4da . Till\u00e4ggsavgift p\u00e5 550,00 PLN\/m2 &#8211; Fasadbekl\u00e4dnad med Kebony-kl\u00e4dnadsplatta, som vi \u00e4r distribut\u00f6r av &#8221; <a href=\"http:\/\/kebonypolska.pl\">kebonypolska.pl<\/a> &#8221;.<\/li><li>Tillverkade f\u00f6nster- och d\u00f6rrsnickerier i Energo+ 3-glaspaket &#8211; f\u00f6nster och d\u00f6rrar i tr\u00e4 eller aluminium.<\/li><li>Isolering av yttre och inre v\u00e4ggar, tak och vindsutrymmen . Steico Flex 036-mattor anv\u00e4nds som isolering.<\/li><li>F\u00f6rberedelse av installationsv\u00e4ggar.<\/li><li>Byggande av skorstenssystem inklusive takf\u00f6nster.<\/li><\/ul>\n\n<div style=\"height:25px\" aria-hidden=\"true\" class=\"wp-block-spacer\"><\/div>\n\n<ol class=\"wp-block-list\" type=\"1\" start=\"4\"><li>Utvecklare ( PLN 4 500,00 ) , best\u00e5ende av:<\/li><\/ol>\n\n<ul class=\"wp-block-list\"><li>I den h\u00e4r versionen f\u00e5r du det obehandlade st\u00e4ngda tillst\u00e5ndet.<\/li><li>VVS- och avloppssystem , anslutning till byggnaden (utan vita r\u00f6rdelar).<\/li><li>Elektriska installationer, inklusive elcentraler, anslutning till byggnaden (utan vit montering).<\/li><li>Ytterligare isolering av installationsv\u00e4ggen f\u00f6r att bryta k\u00f6ldbryggor.<\/li><li>\u00c5ngsp\u00e4rr.<\/li><li>St\u00e4ngning av v\u00e4ggarna i huset (MFP + G-K-board).<\/li><li>Uppdatering av innerv\u00e4ggarna inf\u00f6r m\u00e5lning.<\/li><li>F\u00f6rberedelse av kablage f\u00f6r solceller.<\/li><li>Distribution av \u00e5terh\u00e4mtningssystemet .<\/li><li>Tak som \u00e4r i m\u00e5lningsskick \/ sp\u00e4nda tak.<\/li><li>Installation av golvv\u00e4rme (el, gas, v\u00e4rmepumpar).<\/li><li>Huset ska vara f\u00e4rdigst\u00e4llt.<\/li><\/ul>\n\n<div style=\"height:25px\" aria-hidden=\"true\" class=\"wp-block-spacer\"><\/div>\n\n<ol class=\"wp-block-list\" type=\"1\" start=\"5\"><li>Nyckelf\u00e4rdiga ( PLN 6 000,00 ), som inkluderar:<\/li><\/ol>\n\n<ul class=\"wp-block-list\"><li>Du f\u00e5r denna version i Developer-tillst\u00e5nd.<\/li><li>F\u00e4rdigst\u00e4llande av golven i hela huset.<\/li><li>Slutbehandling av badrummet inklusive vit montering.<\/li><li>F\u00e4rdigst\u00e4llande av vatteninstallationer.<\/li><li><em>GROHE SENSE GUARD &#8211; INTELLIGENT VATTENKONTROLLMODUL.<\/em><\/li><li>F\u00e4rdigst\u00e4llande av v\u00e4rmesystemet.<\/li><li>Slutf\u00f6ra \u00e5terh\u00e4mtningsinstallationen.<\/li><li>Vit elektrisk installation.<\/li><li>M\u00e5lar hela huset.<\/li><li>Installation av dr\u00e4nering och utj\u00e4mning av omr\u00e5det runt byggnaden .<\/li><li>Huset ska vara m\u00f6blerat och beboeligt.<\/li><li>Installation av m\u00f6bler\/garderober\/k\u00f6k ing\u00e5r ocks\u00e5 i priset.<\/li><li>Tr\u00e4terrasser till en extra kostnad av 350,00 PLN per kvadratmeter.<\/li><\/ul>\n\n<div style=\"height:25px\" aria-hidden=\"true\" class=\"wp-block-spacer\"><\/div>\n\n<p> <strong>(Priserna anges per 1 m2 golvyta med passivhusparametrar).<\/strong><\/p>\n\n<div style=\"height:25px\" aria-hidden=\"true\" class=\"wp-block-spacer\"><\/div>\n\n<p>Vi har ocks\u00e5 ett kooperativt f\u00f6retag som g\u00f6r tr\u00e4dg\u00e5rdsarrangemang, utf\u00f6r och installerar plattor och granit\/betongbel\u00e4ggningar.<\/p>\n\n<div style=\"height:25px\" aria-hidden=\"true\" class=\"wp-block-spacer\"><\/div>\n\n<p>  Yttre v\u00e4ggar av 4,5&#215;19,5 cm l\u00e5nga balkar.<\/p>\n\n<p>  Inre v\u00e4ggar av 4,5X9-12 cm bj\u00e4lke.<\/p>\n\n<p>  Tak av 4,5&#215;22-24 cm bj\u00e4lke<\/p>\n\n<p>Takbalk tillverkad av 4,5x22cm fackverksbalk.<\/p>\n\n<div style=\"height:25px\" aria-hidden=\"true\" class=\"wp-block-spacer\"><\/div>\n\n<p>Hus som tillverkas av dessa sektioner ger den b\u00e4sta stabiliteten och en utm\u00e4rkt v\u00e4rmeisolering.<\/p>\n\n<p>Beroende p\u00e5 vad du f\u00f6rv\u00e4ntar dig av ditt hems v\u00e4rmeprestanda f\u00f6rbereder vi l\u00e4mpliga ber\u00e4kningar och simuleringar av isoleringsskikten, tillsammans med ritningar och diagram \u00f6ver de enskilda delarna: v\u00e4ggar, golv, tak och tak.<\/p>\n\n<div style=\"height:25px\" aria-hidden=\"true\" class=\"wp-block-spacer\"><\/div>\n\n<p>Steico-systemen kan anv\u00e4ndas f\u00f6r b\u00e5de ventilerade fasader med fasadbekl\u00e4dnad och vanliga fasader med puts. I b\u00e5da fallen \u00e4r det fr\u00e5ga om \u00f6ppen diffusion.<\/p>\n\n<div style=\"height:25px\" aria-hidden=\"true\" class=\"wp-block-spacer\"><\/div>\n\n<p>Husets rum kan \u00e4ndras individuellt under byggprocessen.<\/p>\n\n<p>Vi kan ocks\u00e5 leverera h\u00f6gkvalitativ utrustning till attraktiva priser:<\/p>\n\n<div style=\"height:25px\" aria-hidden=\"true\" class=\"wp-block-spacer\"><\/div>\n\n<ul class=\"wp-block-list\"><li>\u00c5terh\u00e4mtning .<\/li><li>Skorstenssystem.<\/li><li>Solcellspaneler<\/li><li>V\u00e4rmepumpar.<\/li><\/ul>\n\n<div style=\"height:25px\" aria-hidden=\"true\" class=\"wp-block-spacer\"><\/div>\n\n<p>  Om du redan har planeringsdokument (projekt) och vill f\u00e5 ett erbjudande om huset kan du skicka oss ett erbjudande.<\/p>\n\n<div style=\"height:25px\" aria-hidden=\"true\" class=\"wp-block-spacer\"><\/div>\n\n<p>Vi utf\u00f6r vanligtvis s\u00e5dana v\u00e4rderingar inom 2 arbetsdagar.<\/p>\n\n<p>Vi g\u00f6r varje enskilt husprojekt oavsett storlek och antal v\u00e5ningar.  <\/p>\n\n<div style=\"height:25px\" aria-hidden=\"true\" class=\"wp-block-spacer\"><\/div>\n\n<p>Energieffektivitet certifierad av Passive House Institute<\/p>\n\n<div style=\"height:25px\" aria-hidden=\"true\" class=\"wp-block-spacer\"><\/div>\n\n<p>V\u00e5ra milj\u00f6v\u00e4nliga byggprodukter g\u00f6r det m\u00f6jligt att utforma och bygga hus enligt en energieffektiv standard, inklusive passivhus. STEICO:s byggnadsl\u00f6sningar har tilldelats det prestigefyllda certifikatet som utf\u00e4rdats av det tyska institutet f\u00f6r passivhusbyggande. Certifieringsrapporten bekr\u00e4ftar: STEICO byggsystem &#8221;\u00e4r l\u00e4mpligt f\u00f6r passivhus eftersom b\u00e5de v\u00e4rme\u00f6verf\u00f6ringskoefficienten U f\u00f6r de yttre elementen \u00e4r under 0,15 W\/(m2-K) och kriteriet om att inga k\u00f6ldbryggor f\u00e5r f\u00f6rekomma&#8221;.<\/p>\n\n<div style=\"height:25px\" aria-hidden=\"true\" class=\"wp-block-spacer\"><\/div>\n\n<p>Genom att anv\u00e4nda v\u00e5rt erbjudande f\u00e5r du produkter av h\u00f6gsta kvalitet som tillverkas professionellt och med noggrannhet. Vi har m\u00e5nga \u00e5rs erfarenhet av att bygga hus med timmerstomme, vilket bekr\u00e4ftas av m\u00e5nga referenser fr\u00e5n skandinaviska l\u00e4nder.<\/p>\n\n<div style=\"height:25px\" aria-hidden=\"true\" class=\"wp-block-spacer\"><\/div>\n\n<p>Vi samarbetar med m\u00e5nga designers, arkitekter och entrepren\u00f6rer i Sverige, Finland, Danmark och Norge. Vi har ocks\u00e5 m\u00e5nga n\u00f6jda kunder fr\u00e5n Tyskland som kan bekr\u00e4fta v\u00e5ra referenser.<\/p>\n\n<div style=\"height:25px\" aria-hidden=\"true\" class=\"wp-block-spacer\"><\/div>\n\n<p>Du f\u00e5r g\u00e4rna kontakta mig.<\/p>\n\n<p>Proparea SP ZOO<\/p>\n","protected":false},"excerpt":{"rendered":"<p>Vi erbjuder h\u00f6gkvalitativa installations- och efterbehandlingstj\u00e4nster f\u00f6r fabrikshus i fem prisalternativ och med fem olika grader av finish : Husstomme plus takstol ( \u00a31 200,00) , best\u00e5ende av: Byggande av ett hus med timmerstomme (ytterv\u00e4ggar, innerv\u00e4ggar, tak, tak). Alla planeringsdokument som du beh\u00f6ver f\u00f6r att f\u00e5 byggnadstillst\u00e5nd. F\u00e4stdelar som spikar, skruvar, pluggar och snickerif\u00e4sten. R\u00e5tt [&hellip;]<\/p>\n","protected":false},"author":1,"featured_media":0,"parent":0,"menu_order":0,"comment_status":"closed","ping_status":"closed","template":"","meta":{"footnotes":""},"class_list":["post-2192","page","type-page","status-publish","hentry"],"yoast_head":"<!-- This site is optimized with the Yoast SEO plugin v27.1.1 - https:\/\/yoast.com\/product\/yoast-seo-wordpress\/ -->\n<title>Erbjudande-proparea - Proparea<\/title>\n<meta name=\"robots\" content=\"index, follow, max-snippet:-1, max-image-preview:large, max-video-preview:-1\" \/>\n<link rel=\"canonical\" href=\"https:\/\/proparea.pl\/sv\/erbjudande-proparea\/\" \/>\n<meta property=\"og:locale\" content=\"sv_SE\" \/>\n<meta property=\"og:type\" content=\"article\" \/>\n<meta property=\"og:title\" content=\"Erbjudande-proparea - Proparea\" \/>\n<meta property=\"og:description\" content=\"Vi erbjuder h\u00f6gkvalitativa installations- och efterbehandlingstj\u00e4nster f\u00f6r fabrikshus i fem prisalternativ och med fem olika grader av finish : Husstomme plus takstol ( \u00a31 200,00) , best\u00e5ende av: Byggande av ett hus med timmerstomme (ytterv\u00e4ggar, innerv\u00e4ggar, tak, tak). Alla planeringsdokument som du beh\u00f6ver f\u00f6r att f\u00e5 byggnadstillst\u00e5nd. F\u00e4stdelar som spikar, skruvar, pluggar och snickerif\u00e4sten. R\u00e5tt [&hellip;]\" \/>\n<meta property=\"og:url\" content=\"https:\/\/proparea.pl\/sv\/erbjudande-proparea\/\" \/>\n<meta property=\"og:site_name\" content=\"Proparea\" \/>\n<meta property=\"article:modified_time\" content=\"2022-07-11T10:48:34+00:00\" \/>\n<meta name=\"twitter:card\" content=\"summary_large_image\" \/>\n<meta name=\"twitter:label1\" content=\"Ber\u00e4knad l\u00e4stid\" \/>\n\t<meta name=\"twitter:data1\" content=\"4 minuter\" \/>\n<script type=\"application\/ld+json\" class=\"yoast-schema-graph\">{\"@context\":\"https:\/\/schema.org\",\"@graph\":[{\"@type\":\"WebPage\",\"@id\":\"https:\/\/proparea.pl\/sv\/erbjudande-proparea\/\",\"url\":\"https:\/\/proparea.pl\/sv\/erbjudande-proparea\/\",\"name\":\"Erbjudande-proparea - Proparea\",\"isPartOf\":{\"@id\":\"https:\/\/proparea.pl\/sv\/#website\"},\"datePublished\":\"2022-07-11T10:48:33+00:00\",\"dateModified\":\"2022-07-11T10:48:34+00:00\",\"breadcrumb\":{\"@id\":\"https:\/\/proparea.pl\/sv\/erbjudande-proparea\/#breadcrumb\"},\"inLanguage\":\"sv-SE\",\"potentialAction\":[{\"@type\":\"ReadAction\",\"target\":[\"https:\/\/proparea.pl\/sv\/erbjudande-proparea\/\"]}]},{\"@type\":\"BreadcrumbList\",\"@id\":\"https:\/\/proparea.pl\/sv\/erbjudande-proparea\/#breadcrumb\",\"itemListElement\":[{\"@type\":\"ListItem\",\"position\":1,\"name\":\"Strona g\u0142\u00f3wna\",\"item\":\"https:\/\/proparea.pl\/sv\/\"},{\"@type\":\"ListItem\",\"position\":2,\"name\":\"Erbjudande-proparea\"}]},{\"@type\":\"WebSite\",\"@id\":\"https:\/\/proparea.pl\/sv\/#website\",\"url\":\"https:\/\/proparea.pl\/sv\/\",\"name\":\"Proparea\",\"description\":\"Od projektu a\u017c po klucz\",\"publisher\":{\"@id\":\"https:\/\/proparea.pl\/sv\/#organization\"},\"potentialAction\":[{\"@type\":\"SearchAction\",\"target\":{\"@type\":\"EntryPoint\",\"urlTemplate\":\"https:\/\/proparea.pl\/sv\/?s={search_term_string}\"},\"query-input\":{\"@type\":\"PropertyValueSpecification\",\"valueRequired\":true,\"valueName\":\"search_term_string\"}}],\"inLanguage\":\"sv-SE\"},{\"@type\":\"Organization\",\"@id\":\"https:\/\/proparea.pl\/sv\/#organization\",\"name\":\"Proparea\",\"url\":\"https:\/\/proparea.pl\/sv\/\",\"logo\":{\"@type\":\"ImageObject\",\"inLanguage\":\"sv-SE\",\"@id\":\"https:\/\/proparea.pl\/sv\/#\/schema\/logo\/image\/\",\"url\":\"https:\/\/proparea.pl\/wp-content\/uploads\/2021\/08\/logo-md-e1630346040128.png\",\"contentUrl\":\"https:\/\/proparea.pl\/wp-content\/uploads\/2021\/08\/logo-md-e1630346040128.png\",\"width\":300,\"height\":214,\"caption\":\"Proparea\"},\"image\":{\"@id\":\"https:\/\/proparea.pl\/sv\/#\/schema\/logo\/image\/\"}}]}<\/script>\n<!-- \/ Yoast SEO plugin. -->","yoast_head_json":{"title":"Erbjudande-proparea - Proparea","robots":{"index":"index","follow":"follow","max-snippet":"max-snippet:-1","max-image-preview":"max-image-preview:large","max-video-preview":"max-video-preview:-1"},"canonical":"https:\/\/proparea.pl\/sv\/erbjudande-proparea\/","og_locale":"sv_SE","og_type":"article","og_title":"Erbjudande-proparea - Proparea","og_description":"Vi erbjuder h\u00f6gkvalitativa installations- och efterbehandlingstj\u00e4nster f\u00f6r fabrikshus i fem prisalternativ och med fem olika grader av finish : Husstomme plus takstol ( \u00a31 200,00) , best\u00e5ende av: Byggande av ett hus med timmerstomme (ytterv\u00e4ggar, innerv\u00e4ggar, tak, tak). Alla planeringsdokument som du beh\u00f6ver f\u00f6r att f\u00e5 byggnadstillst\u00e5nd. F\u00e4stdelar som spikar, skruvar, pluggar och snickerif\u00e4sten. R\u00e5tt [&hellip;]","og_url":"https:\/\/proparea.pl\/sv\/erbjudande-proparea\/","og_site_name":"Proparea","article_modified_time":"2022-07-11T10:48:34+00:00","twitter_card":"summary_large_image","twitter_misc":{"Ber\u00e4knad l\u00e4stid":"4 minuter"},"schema":{"@context":"https:\/\/schema.org","@graph":[{"@type":"WebPage","@id":"https:\/\/proparea.pl\/sv\/erbjudande-proparea\/","url":"https:\/\/proparea.pl\/sv\/erbjudande-proparea\/","name":"Erbjudande-proparea - Proparea","isPartOf":{"@id":"https:\/\/proparea.pl\/sv\/#website"},"datePublished":"2022-07-11T10:48:33+00:00","dateModified":"2022-07-11T10:48:34+00:00","breadcrumb":{"@id":"https:\/\/proparea.pl\/sv\/erbjudande-proparea\/#breadcrumb"},"inLanguage":"sv-SE","potentialAction":[{"@type":"ReadAction","target":["https:\/\/proparea.pl\/sv\/erbjudande-proparea\/"]}]},{"@type":"BreadcrumbList","@id":"https:\/\/proparea.pl\/sv\/erbjudande-proparea\/#breadcrumb","itemListElement":[{"@type":"ListItem","position":1,"name":"Strona g\u0142\u00f3wna","item":"https:\/\/proparea.pl\/sv\/"},{"@type":"ListItem","position":2,"name":"Erbjudande-proparea"}]},{"@type":"WebSite","@id":"https:\/\/proparea.pl\/sv\/#website","url":"https:\/\/proparea.pl\/sv\/","name":"Proparea","description":"Od projektu a\u017c po klucz","publisher":{"@id":"https:\/\/proparea.pl\/sv\/#organization"},"potentialAction":[{"@type":"SearchAction","target":{"@type":"EntryPoint","urlTemplate":"https:\/\/proparea.pl\/sv\/?s={search_term_string}"},"query-input":{"@type":"PropertyValueSpecification","valueRequired":true,"valueName":"search_term_string"}}],"inLanguage":"sv-SE"},{"@type":"Organization","@id":"https:\/\/proparea.pl\/sv\/#organization","name":"Proparea","url":"https:\/\/proparea.pl\/sv\/","logo":{"@type":"ImageObject","inLanguage":"sv-SE","@id":"https:\/\/proparea.pl\/sv\/#\/schema\/logo\/image\/","url":"https:\/\/proparea.pl\/wp-content\/uploads\/2021\/08\/logo-md-e1630346040128.png","contentUrl":"https:\/\/proparea.pl\/wp-content\/uploads\/2021\/08\/logo-md-e1630346040128.png","width":300,"height":214,"caption":"Proparea"},"image":{"@id":"https:\/\/proparea.pl\/sv\/#\/schema\/logo\/image\/"}}]}},"_links":{"self":[{"href":"https:\/\/proparea.pl\/sv\/wp-json\/wp\/v2\/pages\/2192","targetHints":{"allow":["GET"]}}],"collection":[{"href":"https:\/\/proparea.pl\/sv\/wp-json\/wp\/v2\/pages"}],"about":[{"href":"https:\/\/proparea.pl\/sv\/wp-json\/wp\/v2\/types\/page"}],"author":[{"embeddable":true,"href":"https:\/\/proparea.pl\/sv\/wp-json\/wp\/v2\/users\/1"}],"replies":[{"embeddable":true,"href":"https:\/\/proparea.pl\/sv\/wp-json\/wp\/v2\/comments?post=2192"}],"version-history":[{"count":1,"href":"https:\/\/proparea.pl\/sv\/wp-json\/wp\/v2\/pages\/2192\/revisions"}],"predecessor-version":[{"id":2193,"href":"https:\/\/proparea.pl\/sv\/wp-json\/wp\/v2\/pages\/2192\/revisions\/2193"}],"wp:attachment":[{"href":"https:\/\/proparea.pl\/sv\/wp-json\/wp\/v2\/media?parent=2192"}],"curies":[{"name":"wp","href":"https:\/\/api.w.org\/{rel}","templated":true}]}}